{"id":1083,"date":"2024-12-09T10:44:05","date_gmt":"2024-12-09T07:44:05","guid":{"rendered":"https:\/\/ibas-con.balikesir.edu.tr\/?page_id=1083"},"modified":"2025-03-04T19:50:48","modified_gmt":"2025-03-04T16:50:48","slug":"kongre-tarihcesi","status":"publish","type":"page","link":"https:\/\/ibas-con.balikesir.edu.tr\/en\/kongre-hakkinda\/kongre-tarihcesi\/","title":{"rendered":"The History of the First International Bal\u0131kesir Applied Sciences Congress (IBAS-CON)"},"content":{"rendered":"<p>The First International Bal\u0131kesir Applied Sciences Congress (IBAS-CON) was successfully held on September 13-15, 2024 in Bal\u0131kesir. The congress was attended by approximately 120 participants from 25 different universities, both domestic and international, attracting a wide range of participants. 65% of the attendees were from the Marmara Region, 20.7% from the Aegean Region, 6.3% from the Black Sea Region, 1.8% from the Central Anatolia and Southeastern Anatolia Regions, and 4.5% were from abroad.<\/p>\n<p data-start=\"561\" data-end=\"1010\">During the congress, 84 papers were presented by scholars from the participating universities. The distribution of the papers across different fields was quite diverse. 52.5% of the papers focused on tourism (42 papers), 13.75% on gastronomy and culinary arts (11 papers), 15% on finance and banking (12 papers), 10% on international trade (8 papers), and 8.75% on business (7 papers).<\/p>\n<p data-start=\"1012\" data-end=\"1583\" data-is-last-node=\"\" data-is-only-node=\"\">This inaugural congress was of great importance for strengthening academic collaborations, sharing new research perspectives, and discussing advancements in applied sciences across various fields. IBAS-CON provided participants with a valuable platform for scientific cooperation, knowledge sharing, and the development of innovative ideas, bringing together different academic communities. The successful completion of the congress has laid the foundation for similar events in the future and increased Bal\u0131kesir&#8217;s prestige in the international scientific arena.<\/p>\n<p>&nbsp;<\/p>\n","protected":false},"excerpt":{"rendered":"<p>The First International Bal\u0131kesir Applied Sciences Congress (IBAS-CON) was successfully held on September 13-15, 2024 in Bal\u0131kesir. The congress was attended by approximately 120 participants from 25 different universities, both domestic and international, attracting a wide range of participants. 65% of the attendees were from the Marmara Region, 20.7% from the Aegean Region, 6.3% from&hellip;&nbsp;<a href=\"https:\/\/ibas-con.balikesir.edu.tr\/en\/kongre-hakkinda\/kongre-tarihcesi\/\" class=\"\" rel=\"bookmark\">Read More &raquo;<span class=\"screen-reader-text\">The History of the First International Bal\u0131kesir Applied Sciences Congress (IBAS-CON)<\/span><\/a><\/p>\n","protected":false},"author":1,"featured_media":0,"parent":18,"menu_order":0,"comment_status":"closed","ping_status":"closed","template":"","meta":{"neve_meta_sidebar":"","neve_meta_container":"","neve_meta_enable_content_width":"on","neve_meta_content_width":100,"neve_meta_title_alignment":"","neve_meta_author_avatar":"","neve_post_elements_order":"","neve_meta_disable_header":"","neve_meta_disable_footer":"","neve_meta_disable_title":"","footnotes":""},"class_list":["post-1083","page","type-page","status-publish","hentry"],"translation":{"provider":"WPGlobus","version":"2.12.2","language":"en","enabled_languages":["tr","en"],"languages":{"tr":{"title":true,"content":true,"excerpt":false},"en":{"title":true,"content":true,"excerpt":false}}},"_links":{"self":[{"href":"https:\/\/ibas-con.balikesir.edu.tr\/en\/wp-json\/wp\/v2\/pages\/1083"}],"collection":[{"href":"https:\/\/ibas-con.balikesir.edu.tr\/en\/wp-json\/wp\/v2\/pages"}],"about":[{"href":"https:\/\/ibas-con.balikesir.edu.tr\/en\/wp-json\/wp\/v2\/types\/page"}],"author":[{"embeddable":true,"href":"https:\/\/ibas-con.balikesir.edu.tr\/en\/wp-json\/wp\/v2\/users\/1"}],"replies":[{"embeddable":true,"href":"https:\/\/ibas-con.balikesir.edu.tr\/en\/wp-json\/wp\/v2\/comments?post=1083"}],"version-history":[{"count":18,"href":"https:\/\/ibas-con.balikesir.edu.tr\/en\/wp-json\/wp\/v2\/pages\/1083\/revisions"}],"predecessor-version":[{"id":1268,"href":"https:\/\/ibas-con.balikesir.edu.tr\/en\/wp-json\/wp\/v2\/pages\/1083\/revisions\/1268"}],"up":[{"embeddable":true,"href":"https:\/\/ibas-con.balikesir.edu.tr\/en\/wp-json\/wp\/v2\/pages\/18"}],"wp:attachment":[{"href":"https:\/\/ibas-con.balikesir.edu.tr\/en\/wp-json\/wp\/v2\/media?parent=1083"}],"curies":[{"name":"wp","href":"https:\/\/api.w.org\/{rel}","templated":true}]}}