{"id":330,"date":"2024-01-15T13:38:53","date_gmt":"2024-01-15T10:38:53","guid":{"rendered":"https:\/\/ubtk4.balikesir.edu.tr\/?page_id=330"},"modified":"2025-09-04T09:29:50","modified_gmt":"2025-09-04T06:29:50","slug":"sekreterya","status":"publish","type":"page","link":"https:\/\/ibas-con.balikesir.edu.tr\/en\/kurullar\/sekreterya\/","title":{"rendered":"Secretariat"},"content":{"rendered":"<p>LECT. KAYA N\u0130HAT PEKBAY<\/p>\n<p>LECT. CUMHUR BERBER<\/p>\n<p>LECT. ZEYNEP KARATA\u015e<\/p>\n<p>RES. ASST. SETENAY MELEK YURTTAB\u0130R<\/p>\n<p>SCIENCE EXPERT NUR YILDIZ<\/p>\n<p>&nbsp;<\/p>\n","protected":false},"excerpt":{"rendered":"<p>LECT. KAYA N\u0130HAT PEKBAY LECT. CUMHUR BERBER LECT. ZEYNEP KARATA\u015e RES. ASST. SETENAY MELEK YURTTAB\u0130R SCIENCE EXPERT NUR YILDIZ &nbsp;<\/p>\n","protected":false},"author":1,"featured_media":0,"parent":30,"menu_order":4,"comment_status":"closed","ping_status":"closed","template":"","meta":{"neve_meta_sidebar":"","neve_meta_container":"","neve_meta_enable_content_width":"off","neve_meta_content_width":100,"neve_meta_title_alignment":"","neve_meta_author_avatar":"","neve_post_elements_order":"","neve_meta_disable_header":"","neve_meta_disable_footer":"","neve_meta_disable_title":"","footnotes":""},"class_list":["post-330","page","type-page","status-publish","hentry"],"translation":{"provider":"WPGlobus","version":"2.12.2","language":"en","enabled_languages":["tr","en"],"languages":{"tr":{"title":true,"content":true,"excerpt":false},"en":{"title":true,"content":true,"excerpt":false}}},"_links":{"self":[{"href":"https:\/\/ibas-con.balikesir.edu.tr\/en\/wp-json\/wp\/v2\/pages\/330"}],"collection":[{"href":"https:\/\/ibas-con.balikesir.edu.tr\/en\/wp-json\/wp\/v2\/pages"}],"about":[{"href":"https:\/\/ibas-con.balikesir.edu.tr\/en\/wp-json\/wp\/v2\/types\/page"}],"author":[{"embeddable":true,"href":"https:\/\/ibas-con.balikesir.edu.tr\/en\/wp-json\/wp\/v2\/users\/1"}],"replies":[{"embeddable":true,"href":"https:\/\/ibas-con.balikesir.edu.tr\/en\/wp-json\/wp\/v2\/comments?post=330"}],"version-history":[{"count":24,"href":"https:\/\/ibas-con.balikesir.edu.tr\/en\/wp-json\/wp\/v2\/pages\/330\/revisions"}],"predecessor-version":[{"id":1641,"href":"https:\/\/ibas-con.balikesir.edu.tr\/en\/wp-json\/wp\/v2\/pages\/330\/revisions\/1641"}],"up":[{"embeddable":true,"href":"https:\/\/ibas-con.balikesir.edu.tr\/en\/wp-json\/wp\/v2\/pages\/30"}],"wp:attachment":[{"href":"https:\/\/ibas-con.balikesir.edu.tr\/en\/wp-json\/wp\/v2\/media?parent=330"}],"curies":[{"name":"wp","href":"https:\/\/api.w.org\/{rel}","templated":true}]}}