{"id":34,"date":"2023-08-28T14:45:47","date_gmt":"2023-08-28T11:45:47","guid":{"rendered":"https:\/\/ubtk4.balikesir.edu.tr\/?page_id=34"},"modified":"2026-01-22T22:08:18","modified_gmt":"2026-01-22T19:08:18","slug":"kayit","status":"publish","type":"page","link":"https:\/\/ibas-con.balikesir.edu.tr\/en\/kayit\/","title":{"rendered":"Registration"},"content":{"rendered":"<p data-start=\"46\" data-end=\"86\"><strong data-start=\"46\" data-end=\"86\">Account Information for Registration<\/strong><\/p>\n<h3 data-start=\"88\" data-end=\"229\"><span style=\"color: #ff0000;\">Deadline for payment of participation fees: &#8230;&#8230;&#8230;&#8230;..<\/span><\/h3>\n<p data-start=\"88\" data-end=\"229\">Bank Name: Halkbankas\u0131<br data-start=\"114\" data-end=\"117\" \/>Account Name: Bal\u0131kesir \u00dcniversitesi D\u00f6ner Sermaye \u0130\u015fletme M\u00fcd\u00fcrl\u00fc\u011f\u00fc<br data-start=\"181\" data-end=\"184\" \/>IBAN: TR 06 0001 2009 2410 0005 0003 08<\/p>\n<ul>\n<li data-start=\"231\" data-end=\"373\">In the description section of the bank transfer, please write your first name, last name, type of participation, and abstract number(s).<\/li>\n<\/ul>\n<p data-start=\"375\" data-end=\"425\"><strong data-start=\"375\" data-end=\"387\">Example:<\/strong> Name, Surname, In-person, Abstract Number.<\/p>\n<p data-start=\"427\" data-end=\"626\">It is mandatory to both send the payment receipt to the following email addresses: <a href=\"mailto:bubyo@balikesir.edu.tr\">bubyo@balikesir.edu.tr<\/a>\u00a0or <a href=\"mailto:ibas.con.bubfa@gmail.com\">ibas.con.bubfa@gmail.com<\/a>, and to complete the registration through the system.<\/p>\n<ul>\n<li data-start=\"628\" data-end=\"673\">VAT is included in the registration fees.<\/li>\n<li data-start=\"675\" data-end=\"707\">Congress Participation Fees:\n<ul>\n<li data-start=\"675\" data-end=\"707\">In-person Participation (per person): &#8230;&#8230;.<\/li>\n<li data-start=\"675\" data-end=\"707\">Online Participation (per person): &#8230;&#8230;..<\/li>\n<li data-start=\"675\" data-end=\"707\">Undergraduate and Graduate Students (per person): &#8230;&#8230;&#8230;<\/li>\n<\/ul>\n<\/li>\n<li data-start=\"873\" data-end=\"1034\">Each participant may present up to 2 papers with the standard fee. For each additional paper beyond the first two, an extra fee of &#8230;&#8230;.. must be paid.<\/li>\n<li data-start=\"1036\" data-end=\"1260\">Certificates of attendance will only be issued to participants who have paid the registration fee and presented their work. In multi-author studies, co-authors who also pay the fee will receive a certificate as well.<\/li>\n<li data-start=\"1262\" data-end=\"1372\">For joint papers, each participant who will personally attend the congress must pay the participation fee.<\/li>\n<li data-start=\"1374\" data-end=\"1402\">Fees are non-refundable.<\/li>\n<li data-start=\"1374\" data-end=\"1402\"><span class=\"Y2IQFc\" lang=\"en\">Participation fee without a paper is &#8230;&#8230;.. Services included in the participation fee include the tracking of the submitted paper, a congress bag, and coffee break refreshments. A certificate of attendance for participants attending the congress without a paper is available upon request.<\/span><\/li>\n<\/ul>\n<hr data-start=\"1404\" data-end=\"1407\" \/>\n<p data-start=\"1409\" data-end=\"1459\"><u>Services Included in the Participation Fee<\/u><\/p>\n<ul data-start=\"1461\" data-end=\"1539\">\n<li data-start=\"1461\" data-end=\"1477\">Congress bag<\/li>\n<li data-start=\"1461\" data-end=\"1477\">Tea, coffee, and refreshments<\/li>\n<li data-start=\"1512\" data-end=\"1539\">Certificate of attendance<\/li>\n<\/ul>\n<hr data-start=\"1541\" data-end=\"1544\" \/>\n<p data-start=\"1546\" data-end=\"1647\"><strong data-start=\"1546\" data-end=\"1558\">Address:<\/strong><br data-start=\"1558\" data-end=\"1561\" \/>Burhaniye Uygulamal\u0131 Bilimler Fak\u00fcltesi<br data-start=\"1598\" data-end=\"1601\" \/>\u00d6rentepe Mevkii, 10700 Burhaniye \/ BALIKES\u0130R<\/p>\n<p data-start=\"1649\" data-end=\"1761\"><strong data-start=\"1649\" data-end=\"1660\">Contact:<\/strong><br data-start=\"1660\" data-end=\"1663\" \/>Phone: +90 (266) 416 22 44 \u2013 416 33 55<br data-start=\"1701\" data-end=\"1704\" \/>Email: <a href=\"mailto:bubyo@balikesir.edu.tr\">bubyo@balikesir.edu.tr<\/a> or <a href=\"mailto:ibas.con.bubfa@gmail.com\">ibas.con.bubfa@gmail.com<\/a><\/p>\n","protected":false},"excerpt":{"rendered":"<p>Account Information for Registration Deadline for payment of participation fees: &#8230;&#8230;&#8230;&#8230;.. Bank Name: Halkbankas\u0131Account Name: Bal\u0131kesir \u00dcniversitesi D\u00f6ner Sermaye \u0130\u015fletme M\u00fcd\u00fcrl\u00fc\u011f\u00fcIBAN: TR 06 0001 2009 2410 0005 0003 08 In the description section of the bank transfer, please write your first name, last name, type of participation, and abstract number(s). Example: Name, Surname, In-person, Abstract&hellip;&nbsp;<a href=\"https:\/\/ibas-con.balikesir.edu.tr\/en\/kayit\/\" class=\"\" rel=\"bookmark\">Read More &raquo;<span class=\"screen-reader-text\">Registration<\/span><\/a><\/p>\n","protected":false},"author":1,"featured_media":0,"parent":0,"menu_order":5,"comment_status":"closed","ping_status":"closed","template":"","meta":{"neve_meta_sidebar":"","neve_meta_container":"","neve_meta_enable_content_width":"off","neve_meta_content_width":100,"neve_meta_title_alignment":"","neve_meta_author_avatar":"","neve_post_elements_order":"","neve_meta_disable_header":"","neve_meta_disable_footer":"","neve_meta_disable_title":"","footnotes":""},"class_list":["post-34","page","type-page","status-publish","hentry"],"translation":{"provider":"WPGlobus","version":"2.12.2","language":"en","enabled_languages":["tr","en"],"languages":{"tr":{"title":true,"content":true,"excerpt":false},"en":{"title":true,"content":true,"excerpt":false}}},"_links":{"self":[{"href":"https:\/\/ibas-con.balikesir.edu.tr\/en\/wp-json\/wp\/v2\/pages\/34"}],"collection":[{"href":"https:\/\/ibas-con.balikesir.edu.tr\/en\/wp-json\/wp\/v2\/pages"}],"about":[{"href":"https:\/\/ibas-con.balikesir.edu.tr\/en\/wp-json\/wp\/v2\/types\/page"}],"author":[{"embeddable":true,"href":"https:\/\/ibas-con.balikesir.edu.tr\/en\/wp-json\/wp\/v2\/users\/1"}],"replies":[{"embeddable":true,"href":"https:\/\/ibas-con.balikesir.edu.tr\/en\/wp-json\/wp\/v2\/comments?post=34"}],"version-history":[{"count":38,"href":"https:\/\/ibas-con.balikesir.edu.tr\/en\/wp-json\/wp\/v2\/pages\/34\/revisions"}],"predecessor-version":[{"id":2059,"href":"https:\/\/ibas-con.balikesir.edu.tr\/en\/wp-json\/wp\/v2\/pages\/34\/revisions\/2059"}],"wp:attachment":[{"href":"https:\/\/ibas-con.balikesir.edu.tr\/en\/wp-json\/wp\/v2\/media?parent=34"}],"curies":[{"name":"wp","href":"https:\/\/api.w.org\/{rel}","templated":true}]}}