{"id":36,"date":"2023-08-28T14:53:21","date_gmt":"2023-08-28T11:53:21","guid":{"rendered":"https:\/\/ubtk4.balikesir.edu.tr\/?page_id=36"},"modified":"2024-07-02T12:52:14","modified_gmt":"2024-07-02T09:52:14","slug":"iletisim","status":"publish","type":"page","link":"https:\/\/ibas-con.balikesir.edu.tr\/en\/iletisim\/","title":{"rendered":"Communication"},"content":{"rendered":"<p id=\"tw-target-text\" class=\"tw-data-text tw-text-large tw-ta\" dir=\"ltr\" data-placeholder=\"\u00c7eviri\" aria-label=\"\u00c7evrilmi\u015f metin\" data-ved=\"2ahUKEwjsi5KzifKFAxVG3AIHHQkUAKMQ3ewLegQICBAU\"><strong><span class=\"Y2IQFc\" lang=\"en\">Bal\u0131kesir University Burhaniye Faculty of Applied Sciences (BUBFA)<\/span><\/strong><\/p>\n<p class=\"tw-data-text tw-text-large tw-ta\" dir=\"ltr\" data-placeholder=\"\u00c7eviri\" aria-label=\"\u00c7evrilmi\u015f metin\" data-ved=\"2ahUKEwjsi5KzifKFAxVG3AIHHQkUAKMQ3ewLegQICBAU\"><span class=\"Y2IQFc\" lang=\"en\">Address: Bal\u0131kesir \u00dcniversitesi Uygulamal\u0131 Bilimler Fak\u00fcltesi <\/span><\/p>\n<p class=\"tw-data-text tw-text-large tw-ta\" dir=\"ltr\" data-placeholder=\"\u00c7eviri\" aria-label=\"\u00c7evrilmi\u015f metin\" data-ved=\"2ahUKEwjsi5KzifKFAxVG3AIHHQkUAKMQ3ewLegQICBAU\"><span class=\"Y2IQFc\" lang=\"en\">\u00d6rentepe Mevkii 10700 <\/span><span class=\"Y2IQFc\" lang=\"en\">\u00a0 \u00a0 \u00a0Burhaniye-Bal\u0131kesir<\/span><\/p>\n<p class=\"tw-data-text tw-text-large tw-ta\" dir=\"ltr\" data-placeholder=\"\u00c7eviri\" aria-label=\"\u00c7evrilmi\u015f metin\" data-ved=\"2ahUKEwjsi5KzifKFAxVG3AIHHQkUAKMQ3ewLegQICBAU\"><span class=\"Y2IQFc\" lang=\"en\">Contact Number: 0 (266) 416 22 44 &#8211; 416 33 55 <\/span><\/p>\n<p class=\"tw-data-text tw-text-large tw-ta\" dir=\"ltr\" data-placeholder=\"\u00c7eviri\" aria-label=\"\u00c7evrilmi\u015f metin\" data-ved=\"2ahUKEwjsi5KzifKFAxVG3AIHHQkUAKMQ3ewLegQICBAU\"><span class=\"Y2IQFc\" lang=\"en\">e-mail: ibas.con.bubfa@gmail.com &#8211; bubyo@balikesir.edu.tr<\/span><\/p>\n","protected":false},"excerpt":{"rendered":"<p>Bal\u0131kesir University Burhaniye Faculty of Applied Sciences (BUBFA) Address: Bal\u0131kesir \u00dcniversitesi Uygulamal\u0131 Bilimler Fak\u00fcltesi \u00d6rentepe Mevkii 10700 \u00a0 \u00a0 \u00a0Burhaniye-Bal\u0131kesir Contact Number: 0 (266) 416 22 44 &#8211; 416 33 55 e-mail: ibas.con.bubfa@gmail.com &#8211; bubyo@balikesir.edu.tr<\/p>\n","protected":false},"author":1,"featured_media":0,"parent":0,"menu_order":6,"comment_status":"closed","ping_status":"closed","template":"","meta":{"neve_meta_sidebar":"","neve_meta_container":"","neve_meta_enable_content_width":"off","neve_meta_content_width":100,"neve_meta_title_alignment":"","neve_meta_author_avatar":"","neve_post_elements_order":"","neve_meta_disable_header":"","neve_meta_disable_footer":"","neve_meta_disable_title":"","footnotes":""},"class_list":["post-36","page","type-page","status-publish","hentry"],"translation":{"provider":"WPGlobus","version":"2.12.2","language":"en","enabled_languages":["tr","en"],"languages":{"tr":{"title":true,"content":true,"excerpt":false},"en":{"title":true,"content":true,"excerpt":false}}},"_links":{"self":[{"href":"https:\/\/ibas-con.balikesir.edu.tr\/en\/wp-json\/wp\/v2\/pages\/36"}],"collection":[{"href":"https:\/\/ibas-con.balikesir.edu.tr\/en\/wp-json\/wp\/v2\/pages"}],"about":[{"href":"https:\/\/ibas-con.balikesir.edu.tr\/en\/wp-json\/wp\/v2\/types\/page"}],"author":[{"embeddable":true,"href":"https:\/\/ibas-con.balikesir.edu.tr\/en\/wp-json\/wp\/v2\/users\/1"}],"replies":[{"embeddable":true,"href":"https:\/\/ibas-con.balikesir.edu.tr\/en\/wp-json\/wp\/v2\/comments?post=36"}],"version-history":[{"count":5,"href":"https:\/\/ibas-con.balikesir.edu.tr\/en\/wp-json\/wp\/v2\/pages\/36\/revisions"}],"predecessor-version":[{"id":518,"href":"https:\/\/ibas-con.balikesir.edu.tr\/en\/wp-json\/wp\/v2\/pages\/36\/revisions\/518"}],"wp:attachment":[{"href":"https:\/\/ibas-con.balikesir.edu.tr\/en\/wp-json\/wp\/v2\/media?parent=36"}],"curies":[{"name":"wp","href":"https:\/\/api.w.org\/{rel}","templated":true}]}}