{"id":40,"date":"2023-08-28T14:57:24","date_gmt":"2023-08-28T11:57:24","guid":{"rendered":"https:\/\/ubtk4.balikesir.edu.tr\/?page_id=40"},"modified":"2025-04-10T09:02:17","modified_gmt":"2025-04-10T06:02:17","slug":"onur-kurulu","status":"publish","type":"page","link":"https:\/\/ibas-con.balikesir.edu.tr\/en\/kurullar\/onur-kurulu\/","title":{"rendered":"Honorary Board"},"content":{"rendered":"<h5>\u0130SMA\u0130L USTAO\u011eLU (Governor of Bal\u0131kesir)<br \/>\nPROF. DR. Y\u00dcCEL O\u011eURLU (Rector of Bal\u0131kesir University)<br \/>\nPROF. DR. MUKHSIN TOJIYEVICH HODJIYEV (Rector of Gulistan State University)<br \/>\nPROF. NUSRAT\u0130LLA RAJABOV\u0130CH BARAKAYEV (Rector of Renaissance University)<\/h5>\n","protected":false},"excerpt":{"rendered":"<p>\u0130SMA\u0130L USTAO\u011eLU (Governor of Bal\u0131kesir) PROF. DR. Y\u00dcCEL O\u011eURLU (Rector of Bal\u0131kesir University) PROF. DR. MUKHSIN TOJIYEVICH HODJIYEV (Rector of Gulistan State University) PROF. NUSRAT\u0130LLA RAJABOV\u0130CH BARAKAYEV (Rector of Renaissance University)<\/p>\n","protected":false},"author":1,"featured_media":0,"parent":30,"menu_order":1,"comment_status":"closed","ping_status":"closed","template":"","meta":{"neve_meta_sidebar":"","neve_meta_container":"","neve_meta_enable_content_width":"off","neve_meta_content_width":100,"neve_meta_title_alignment":"","neve_meta_author_avatar":"","neve_post_elements_order":"","neve_meta_disable_header":"","neve_meta_disable_footer":"","neve_meta_disable_title":"","footnotes":""},"class_list":["post-40","page","type-page","status-publish","hentry"],"translation":{"provider":"WPGlobus","version":"2.12.2","language":"en","enabled_languages":["tr","en"],"languages":{"tr":{"title":true,"content":true,"excerpt":false},"en":{"title":true,"content":true,"excerpt":false}}},"_links":{"self":[{"href":"https:\/\/ibas-con.balikesir.edu.tr\/en\/wp-json\/wp\/v2\/pages\/40"}],"collection":[{"href":"https:\/\/ibas-con.balikesir.edu.tr\/en\/wp-json\/wp\/v2\/pages"}],"about":[{"href":"https:\/\/ibas-con.balikesir.edu.tr\/en\/wp-json\/wp\/v2\/types\/page"}],"author":[{"embeddable":true,"href":"https:\/\/ibas-con.balikesir.edu.tr\/en\/wp-json\/wp\/v2\/users\/1"}],"replies":[{"embeddable":true,"href":"https:\/\/ibas-con.balikesir.edu.tr\/en\/wp-json\/wp\/v2\/comments?post=40"}],"version-history":[{"count":22,"href":"https:\/\/ibas-con.balikesir.edu.tr\/en\/wp-json\/wp\/v2\/pages\/40\/revisions"}],"predecessor-version":[{"id":1345,"href":"https:\/\/ibas-con.balikesir.edu.tr\/en\/wp-json\/wp\/v2\/pages\/40\/revisions\/1345"}],"up":[{"embeddable":true,"href":"https:\/\/ibas-con.balikesir.edu.tr\/en\/wp-json\/wp\/v2\/pages\/30"}],"wp:attachment":[{"href":"https:\/\/ibas-con.balikesir.edu.tr\/en\/wp-json\/wp\/v2\/media?parent=40"}],"curies":[{"name":"wp","href":"https:\/\/api.w.org\/{rel}","templated":true}]}}