{"id":46,"date":"2023-08-28T14:58:49","date_gmt":"2023-08-28T11:58:49","guid":{"rendered":"https:\/\/ubtk4.balikesir.edu.tr\/?page_id=46"},"modified":"2025-07-17T08:40:31","modified_gmt":"2025-07-17T05:40:31","slug":"bilim-kurulu","status":"publish","type":"page","link":"https:\/\/ibas-con.balikesir.edu.tr\/en\/kurullar\/bilim-kurulu\/","title":{"rendered":"Scientific Board"},"content":{"rendered":"<p>PROF. DR. AHMET K\u00d6RO\u011eLU (BALIKES\u0130R UNIVERSITY)<br \/>\nPROF. DR. AHU ERGEN (BAH\u00c7E\u015eEH\u0130R UNIVERSITY)<br \/>\nPROF. DR. AL\u0130 KEMAL G\u00dcRB\u00dcZ (BALIKES\u0130R UNIVERSITY)<br \/>\nPROF. DR. AL\u0130 YAYLI (ANKARA HACI BAYRAM VEL\u0130 UNIVERSITY)<br \/>\nPROF. DR. ALPASLAN SEREL (BANDIRMA ONYED\u0130 EYL\u00dcL UNIVERSITY)<br \/>\nPROF. DR. AY\u015eEG\u00dcL TA\u015e (U\u015eAK UNIVERSITY)<br \/>\nPROF. DR. AZ\u0130ZE HASSAN (ANKARA HACI BAYRAM VEL\u0130 UNIVERSITY)<br \/>\nPROF. DR. BARI\u015e ERDEM (BALIKES\u0130R UNIVERSITY)<br \/>\nPROF. DR. BAYRAM \u015eAH\u0130N (BALIKES\u0130R UNIVERSITY)<br \/>\nPROF. DR. BAYRAM ZAFER ERDO\u011eAN (ANADOLU UNIVERSITY)<br \/>\nPROF. DR. CANER G\u0130RAY (OKAN UNIVERSITY)<br \/>\nPROF. DR. CEVDET AVCIKURT (BALIKES\u0130R UNIVERSITY)<br \/>\nPROF. DR. CEVDET BUR\u00c7\u0130N \u00c7ET\u0130NS\u00d6Z (ALANYA ALAATT\u0130N KEYKUBAT UNIVERSITY)<br \/>\nPROF. DR. C\u0130HAN \u00c7OBANO\u011eLU (UNIVERSITY OF SOUTH FLORIDA SARASOTA-MANATEE)<br \/>\nPROF. DR. D\u0130N\u00c7ER ATLI (ISTANBUL ESENYURT UNIVERSITY)<br \/>\nPROF. DR. DERMAN K\u00dc\u00c7\u00dcKALTAN (ISTANBUL BEYKENT UNIVERSITY)<br \/>\nPROF. DR. DO\u011eAN G\u00dcRSOY (WASHINGTON STATE UNIVERSITY)<br \/>\nPROF. DR. D\u00dcR\u0130YE BOZOK (BALIKES\u0130R UNIVERSITY)<br \/>\nPROF. DR. EBRU G\u00dcNL\u00dc K\u00dc\u00c7\u00dcKALTAN (DOKUZ EYL\u00dcL UNIVERSITY)<br \/>\nPROF. DR. EBRU T\u00dcMER (GEBZE TECHNICAL UNIVERSITY)<br \/>\nPROF. DR. ELIZABETH LLOYD-PARKES (UNIVERSITY OF SOUTH WALES, UK)<br \/>\nPROF. DR. EMEL MEM\u0130\u015e KOCAMAN (BALIKES\u0130R UNIVERSITY)<br \/>\nPROF. DR. EMRAH \u00d6ZKUL (KOCAEL\u0130 UNIVERSITY)<br \/>\nPROF. DR. ERCAN GEGEZ (TOPKAPI UNIVERSITY)<br \/>\nPROF. DR. ERD\u0130N\u00c7 KARADEN\u0130Z (MERS\u0130N UNIVERSITY)<br \/>\nPROF. DR. ERDO\u011eAN KO\u00c7 (BAH\u00c7E\u015eEH\u0130R UNIVERSITY)<br \/>\nPROF. DR. FATMA F\u00dcSUN \u0130STANBULLU D\u0130N\u00c7ER (ISTANBUL UNIVERSITY)<br \/>\nPROF. DR. FEVZ\u0130 OKUMU\u015e (UNIVERSITY OF CENTRAL FLORIDA)<br \/>\nPROF. DR. HAL\u0130L \u0130BRAH\u0130M \u015eAH\u0130N (BALIKES\u0130R UNIVERSITY)<br \/>\nPROF. DR. HUR\u0130YE \u015eEBNEM BURNAZ (ISTANBUL TECHNICAL UNIVERSITY)<br \/>\nPROF. DR. H\u00dcSEY\u0130N \u00c7EKEN (MU\u011eLA SITKI KO\u00c7MAN UNIVERSITY)<br \/>\nPROF. DR. I\u015eIL ARIKAN SALTIK (MU\u011eLA SITKI KO\u00c7MAN UNIVERSITY)<br \/>\nPROF. DR. \u0130BRAH\u0130M B\u0130RKAN (ATILIM UNIVERSITY)<br \/>\nPROF. DR. \u0130RFAN YAZICIO\u011eLU (HACI BAYRAM VEL\u0130 UNIVERSITY)<br \/>\nPROF. DR. KURTULU\u015e KARAMUSTAFA (ERC\u0130YES UNIVERSITY)<br \/>\nPROF. DR. KURTULU\u015e KAYMAZ (BURSA ULUDA\u011e UNIVERSITY)<br \/>\nPROF. DR. L\u00dcTF\u0130 ATAY (\u00c7ANAKKALE ONSEK\u0130Z MART UNIVERSITY)<br \/>\nPROF. DR. MARIA ALVAREZ (BO\u011eAZ\u0130\u00c7\u0130 UNIVERSITY)<br \/>\nPROF. DR. MEHMET EM\u0130N AKKILI\u00c7 (BALIKES\u0130R UNIVERSITY)<br \/>\nPROF. DR. MEHMET EM\u0130N ER\u00c7AKAR (BANDIRMA ONYED\u0130 EYL\u00dcL UNIVERSITY)<br \/>\nPROF. DR. MEHMET O\u011eUZHAN \u0130LBAN (BALIKES\u0130R UNIVERSITY)<br \/>\nPROF. DR. MEHMET SARIO\u011eLAN (BALIKES\u0130R UNIVERSITY)<br \/>\nPROF. DR. MERYEM AKO\u011eLAN KOZAK (ANADOLU UNIVERSITY)<br \/>\nPROF. DR. MUAMMER MESC\u0130 (D\u00dcZCE UNIVERSITY)<br \/>\nPROF. DR. MUHARREM TUNA (ANKARA HACI BAYRAM VEL\u0130 UNIVERSITY)<br \/>\nPROF. DR. MURAT DO\u011eDUBAY (BALIKES\u0130R UNIVERSITY)<br \/>\nPROF. DR. MUSA PINAR (VALPARAISO UNIVERSITY, USA)<br \/>\nPROF. DR. MUSTAFA AKSOY (HACI BAYRAM VEL\u0130 UNIVERSITY)<br \/>\nPROF. DR. MUZAFFER UYSAL (UNIVERSITY OF MASSACHUSETTS AMHERST)<br \/>\nPROF. DR. M\u00dcGE ARSLAN (MARMARA UNIVERSITY)<br \/>\nPROF. DR. NURAY TET\u0130K D\u0130N\u00c7 (BALIKES\u0130R UNIVERSITY)<br \/>\nPROF. DR. NURETT\u0130N \u00d6ZT\u00dcRK (ATAT\u00dcRK UNIVERSITY)<br \/>\nPROF. DR. OSMAN \u00d6ZDO\u011eAN (AYDIN ADNAN MENDERES UNIVERSITY)<br \/>\nPROF. DR. \u00d6NDER MET (BALIKES\u0130R UNIVERSITY)<br \/>\nPROF. DR. \u00d6ZLEM K\u00d6RO\u011eLU (BALIKES\u0130R UNIVERSITY)<br \/>\nPROF. DR. \u00d6ZLEM G\u00dcZEL (ISTANBUL UNIVERSITY)<br \/>\nPROF. DR. SABR\u0130YE \u00c7EL\u0130K U\u011eUZ (BALIKES\u0130R UNIVERSITY)<br \/>\nPROF. DR. SAL\u0130H KU\u015eLUVAN (ISTANBUL MEDEN\u0130YET UNIVERSITY)<br \/>\nPROF. DR. SEBAHATT\u0130N KARAMAN (BALIKES\u0130R UNIVERSITY)<br \/>\nPROF. DR. SELDA UCA (KOCAEL\u0130 UNIVERSITY)<br \/>\nPROF. DR. S\u0130MA NART (SAKARYA UNIVERSITY)<br \/>\nPROF. DR. SUAT KARA (BALIKES\u0130R UNIVERSITY)<br \/>\nPROF. DR. \u015eEF\u0130K OKAN MERCAN (\u00c7ANAKKALE ONSEK\u0130Z MART UNIVERSITY)<br \/>\nPROF. DR. REMZ\u0130 ALTUNI\u015eIK (SAKARYA UNIVERSITY)<br \/>\nPROF. DR. \u00dcM\u0130T ALNIA\u00c7IK (KOCAEL\u0130 UNIVERSITY)<br \/>\nPROF. DR. VOLKAN \u00d6ZBEK (BALIKES\u0130R UNIVERSITY)<br \/>\nPROF. DR. YILDIRIM BEYAZIT \u00d6NAL (\u00c7UKUROVA UNIVERSITY)<br \/>\nPROF. DR. YILMAZ AKG\u00dcND\u00dcZ (DOKUZ EYL\u00dcL UNIVERSITY)<br \/>\nPROF. DR. Z\u0130KR\u0130YAYEV ZOK\u0130R MAM\u0130ROV\u0130CH (GULISTAN STATE UNIVERSITY)<br \/>\nASSOC. PROF. DR. AHU YAZICI AYYILDIZ (AYDIN ADNAN MENDERES UNIVERSITY)<br \/>\nASSOC. PROF. DR. AL\u0130 SOLUNO\u011eLU (BALIKES\u0130R UNIVERSITY)<br \/>\nASSOC. PROF. DR. AY\u015eE NUR AKBABA (BALIKES\u0130R UNIVERSITY)<br \/>\nASSOC. PROF. DR. ELMIRA KAM\u0130LEVNA (KAZAN FEDERAL UNIVERSITY)<br \/>\nASSOC. PROF. DR. EBRU YILDIZ KARADEN\u0130Z (MERS\u0130N UNIVERSITY)<br \/>\nASSOC. PROF. DR. F\u0130L\u0130Z ERO\u011eLU (\u00c7ANAKKALE UNIVERSITY)<br \/>\nASSOC. PROF. DR. F\u0130L\u0130Z Y\u00dcKSEL (DUMLUPINAR UNIVERSITY)<br \/>\nASSOC. PROF. DR. G\u0130ZEM \u00d6ZG\u00dcREL (BALIKES\u0130R UNIVERSITY)<br \/>\nASSOC. PROF. DR. HACI MEHMET YILDIRIM (\u00c7ANAKKALE ONSEK\u0130Z MART UNIVERSITY)<br \/>\nASSOC. PROF. DR. HAL\u0130L KORKMAZ (\u00c7ANAKKALE ONSEK\u0130Z MART UNIVERSITY)<br \/>\nASSOC. PROF. DR. HASAN H\u00dcSEY\u0130N YILDIRIM (BALIKES\u0130R UNIVERSITY)<br \/>\nASSOC. PROF. DR. MEHMET ALTIN (UNIVERSITY OF CENTRAL FLORIDA)<br \/>\nASSOC. PROF. DR. MEHTAP \u00d6NER (MARMARA UNIVERSITY)<br \/>\nASSOC. PROF. DR. MUAMMER BEZ\u0130RGAN (BALIKES\u0130R UNIVERSITY)<br \/>\nASSOC. PROF. DR. MURAT AKTAN (MU\u011eLA SITKI KO\u00c7MAN UNIVERSITY)<br \/>\nASSOC. PROF. DR. MUSTAFA \u0130Y\u0130B\u0130LD\u0130REN (NECMETT\u0130N ERBAKAN UNIVERSITY)<br \/>\nASSOC. PROF. DR. O\u011eUZHAN D\u00dcLGARO\u011eLU (BALIKES\u0130R UNIVERSITY)<br \/>\nASSOC. PROF. DR. ONUR KEMAL YILMAZ (BALIKES\u0130R UNIVERSITY)<br \/>\nASSOC. PROF. DR. \u00d6ZER YILMAZ (BANDIRMA ONYED\u0130 EYL\u00dcL UNIVERSITY)<br \/>\nASSOC. PROF. DR. \u00d6ZGE DEM\u0130RBULAT (BALIKES\u0130R UNIVERSITY)<br \/>\nASSOC. PROF. DR. SERKAN T\u00dcRKMEN (\u00c7ANAKKALE ONSEK\u0130Z MART UNIVERSITY)<br \/>\nASSOC. PROF. DR. SEVG\u0130 SEZER (BALIKES\u0130R UNIVERSITY)<br \/>\nASSOC. PROF. DR. SONER AKKO\u00c7 (BALIKES\u0130R UNIVERSITY)<br \/>\nASSOC. PROF. DR. TAYFUN Y\u00d6R\u00dcK (AKDEN\u0130Z UNIVERSITY)<br \/>\nASSOC. PROF. DR. TU\u011eRUL AYYILDIZ (ADNAN MENDERES UNIVERSITY)<br \/>\nASSOC. PROF. DR. TURGAY BUCAK (DOKUZ EYLUL UNIVERSITY)<br \/>\nASSOC. PROF. DR. ULUKAN B\u00dcY\u00dcKARIKAN (AFYON KOCATEPE UNIVERSITY)<br \/>\nASSOC. PROF. DR. UMUT ERO\u011eLU (\u00c7ANAKKALE UNIVERSITY)<br \/>\nASSOC. PROF. DR. VOLKAN YEN\u0130ARAS (\u00d6ZYE\u011e\u0130N UNIVERSITY)<br \/>\nASSOC. PROF. DR. YUSUF ESMER (BAYBURT UNIVERSITY)<br \/>\nDR. FACULTY MEMBER EL\u0130F BEZ\u0130RGAN (BALIKES\u0130R UNIVERSITY)<br \/>\nDR. FACULTY MEMBER EL\u00c7\u0130N M\u00dcRSELO\u011eLU (BALIKES\u0130R UNIVERSITY)<br \/>\nDR. FACULTY MEMBER ESAT SA\u00c7KES (BALIKES\u0130R UNIVERSITY)<br \/>\nDR. FACULTY MEMBER FAT\u0130H \u00c7OLAKO\u011eLU (BALIKES\u0130R UNIVERSITY)<br \/>\nDR. FACULTY MEMBER G\u00dcL\u015eAH \u00d6ZDEM\u0130R (BALIKES\u0130R UNIVERSITY)<br \/>\nDR. FACULTY MEMBER MEHMET TAHS\u0130N L\u0130CEL\u0130 (BALIKES\u0130R UNIVERSITY)<br \/>\nDR. FACULTY MEMBER \u00d6ZKAN DEM\u0130R (BALIKES\u0130R UNIVERSITY)<br \/>\nLECTURER DR. AY\u015eEG\u00dcL YILDIRIM KUTBAY (BALIKES\u0130R UNIVERSITY)<\/p>\n<p>*The Science Committee is listed according to titles.<\/p>\n<p>&nbsp;<\/p>\n<p><strong>\u00a0<\/strong><\/p>\n","protected":false},"excerpt":{"rendered":"<p>PROF. DR. AHMET K\u00d6RO\u011eLU (BALIKES\u0130R UNIVERSITY) PROF. DR. AHU ERGEN (BAH\u00c7E\u015eEH\u0130R UNIVERSITY) PROF. DR. AL\u0130 KEMAL G\u00dcRB\u00dcZ (BALIKES\u0130R UNIVERSITY) PROF. DR. AL\u0130 YAYLI (ANKARA HACI BAYRAM VEL\u0130 UNIVERSITY) PROF. DR. ALPASLAN SEREL (BANDIRMA ONYED\u0130 EYL\u00dcL UNIVERSITY) PROF. DR. AY\u015eEG\u00dcL TA\u015e (U\u015eAK UNIVERSITY) PROF. DR. AZ\u0130ZE HASSAN (ANKARA HACI BAYRAM VEL\u0130 UNIVERSITY) PROF. DR. BARI\u015e ERDEM&hellip;&nbsp;<a href=\"https:\/\/ibas-con.balikesir.edu.tr\/en\/kurullar\/bilim-kurulu\/\" class=\"\" rel=\"bookmark\">Read More &raquo;<span class=\"screen-reader-text\">Scientific Board<\/span><\/a><\/p>\n","protected":false},"author":1,"featured_media":0,"parent":30,"menu_order":4,"comment_status":"closed","ping_status":"closed","template":"","meta":{"neve_meta_sidebar":"","neve_meta_container":"","neve_meta_enable_content_width":"off","neve_meta_content_width":100,"neve_meta_title_alignment":"","neve_meta_author_avatar":"","neve_post_elements_order":"","neve_meta_disable_header":"","neve_meta_disable_footer":"","neve_meta_disable_title":"","footnotes":""},"class_list":["post-46","page","type-page","status-publish","hentry"],"translation":{"provider":"WPGlobus","version":"2.12.2","language":"en","enabled_languages":["tr","en"],"languages":{"tr":{"title":true,"content":true,"excerpt":false},"en":{"title":true,"content":true,"excerpt":false}}},"_links":{"self":[{"href":"https:\/\/ibas-con.balikesir.edu.tr\/en\/wp-json\/wp\/v2\/pages\/46"}],"collection":[{"href":"https:\/\/ibas-con.balikesir.edu.tr\/en\/wp-json\/wp\/v2\/pages"}],"about":[{"href":"https:\/\/ibas-con.balikesir.edu.tr\/en\/wp-json\/wp\/v2\/types\/page"}],"author":[{"embeddable":true,"href":"https:\/\/ibas-con.balikesir.edu.tr\/en\/wp-json\/wp\/v2\/users\/1"}],"replies":[{"embeddable":true,"href":"https:\/\/ibas-con.balikesir.edu.tr\/en\/wp-json\/wp\/v2\/comments?post=46"}],"version-history":[{"count":46,"href":"https:\/\/ibas-con.balikesir.edu.tr\/en\/wp-json\/wp\/v2\/pages\/46\/revisions"}],"predecessor-version":[{"id":1518,"href":"https:\/\/ibas-con.balikesir.edu.tr\/en\/wp-json\/wp\/v2\/pages\/46\/revisions\/1518"}],"up":[{"embeddable":true,"href":"https:\/\/ibas-con.balikesir.edu.tr\/en\/wp-json\/wp\/v2\/pages\/30"}],"wp:attachment":[{"href":"https:\/\/ibas-con.balikesir.edu.tr\/en\/wp-json\/wp\/v2\/media?parent=46"}],"curies":[{"name":"wp","href":"https:\/\/api.w.org\/{rel}","templated":true}]}}