{"id":48,"date":"2023-08-28T14:59:16","date_gmt":"2023-08-28T11:59:16","guid":{"rendered":"https:\/\/ubtk4.balikesir.edu.tr\/?page_id=48"},"modified":"2026-02-10T12:25:30","modified_gmt":"2026-02-10T09:25:30","slug":"yurutme-kurulu","status":"publish","type":"page","link":"https:\/\/ibas-con.balikesir.edu.tr\/en\/kurullar\/yurutme-kurulu\/","title":{"rendered":"Executive Committee"},"content":{"rendered":"<p>PROF. DR. MEHMET O\u011eUZHAN \u0130LBAN (CHAIRMAN)<br data-start=\"93\" data-end=\"96\" \/>PROF. DR. ALPASLAN SEREL (BANDIRMA ONYED\u0130 EYL\u00dcL UNIVERSITY)<br data-start=\"155\" data-end=\"158\" \/>PROF. DR. AY\u015eEG\u00dcL TA\u015e (U\u015eAK UNIVERSITY)<br data-start=\"197\" data-end=\"200\" \/>PROF. DR. BAYRAM ZAFER ERDO\u011eAN (ANADOLU UNIVERSITY)<br data-start=\"251\" data-end=\"254\" \/>PROF. DR. CANER G\u0130RAY (OKAN UNIVERSITY)<br data-start=\"293\" data-end=\"296\" \/>PROF. DR. CEVDET BUR\u00c7\u0130N \u00c7ET\u0130NS\u00d6Z (ALANYA ALAATT\u0130N KEYKUBAT UNIVERSITY)<br data-start=\"366\" data-end=\"369\" \/>PROF. DR. C\u0130HAN \u00c7OBANO\u011eLU (UNIVERSITY OF SOUTH FLORIDA SARASOTA-MANATEE)<br data-start=\"441\" data-end=\"444\" \/>PROF. DR. D\u0130N\u00c7ER ATLI (ISTANBUL ESENYURT UNIVERSITY)<br data-start=\"496\" data-end=\"499\" \/>PROF. DR. DERMAN K\u00dc\u00c7\u00dcKALTAN (ISTANBUL BEYKENT UNIVERSITY)<br data-start=\"556\" data-end=\"559\" \/>PROF. DR. DO\u011eAN G\u00dcRSOY (WASHINGTON STATE UNIVERSITY)<br data-start=\"611\" data-end=\"614\" \/>PROF. DR. EBRU G\u00dcNL\u00dc K\u00dc\u00c7\u00dcKALTAN (DOKUZ EYL\u00dcL UNIVERSITY)<br data-start=\"670\" data-end=\"673\" \/>PROF. DR. EBRU T\u00dcMER (GEBZE TECHNICAL UNIVERSITY)<br data-start=\"722\" data-end=\"725\" \/>PROF. DR. ELIZABETH LLOYD-PARKES (UNIVERSITY OF SOUTH WALES, UK)<br data-start=\"789\" data-end=\"792\" \/>PROF. DR. EMRAH \u00d6ZKUL (KOCAEL\u0130 UNIVERSITY)<br data-start=\"834\" data-end=\"837\" \/>PROF. DR. ERCAN GEGEZ (TOPKAPI UNIVERSITY)<br data-start=\"879\" data-end=\"882\" \/>PROF. DR. ERD\u0130N\u00c7 KARADEN\u0130Z (MERSIN UNIVERSITY)<br data-start=\"928\" data-end=\"931\" \/>PROF. DR. ERDO\u011eAN KO\u00c7 (BAH\u00c7E\u015eEH\u0130R UNIVERSITY)<br data-start=\"976\" data-end=\"979\" \/>PROF. DR. FATMA F\u00dcSUN \u0130STANBULLU D\u0130N\u00c7ER (ISTANBUL UNIVERSITY)<br data-start=\"1040\" data-end=\"1043\" \/>PROF. DR. FEVZ\u0130 OKUMU\u015e (UNIVERSITY OF CENTRAL FLORIDA)<br data-start=\"1097\" data-end=\"1100\" \/>PROF. DR. HUR\u0130YE \u015eEBNEM BURNAZ (ISTANBUL TECHNICAL UNIVERSITY)<br data-start=\"1162\" data-end=\"1165\" \/>PROF. DR. H\u00dcSEY\u0130N \u00c7EKEN (MU\u011eLA SITKI KO\u00c7MAN UNIVERSITY)<br data-start=\"1220\" data-end=\"1223\" \/>PROF. DR. \u0130BRAH\u0130M B\u0130RKAN (ATILIM UNIVERSITY)<br data-start=\"1267\" data-end=\"1270\" \/>PROF. DR. \u0130RFAN YAZICIO\u011eLU (HACI BAYRAM VEL\u0130 UNIVERSITY)<br data-start=\"1326\" data-end=\"1329\" \/>PROF. DR. KURTULU\u015e KARAMUSTAFA (ERC\u0130YES UNIVERSITY)<br data-start=\"1380\" data-end=\"1383\" \/>PROF. DR. KURTULU\u015e KAYMAZ (BURSA ULUDA\u011e UNIVERSITY)<br data-start=\"1434\" data-end=\"1437\" \/>PROF. DR. MARIA ALVAREZ (BO\u011eAZ\u0130\u00c7\u0130 UNIVERSITY)<br data-start=\"1482\" data-end=\"1485\" \/>PROF. DR. MUSA PINAR (VALPARAISO UNIVERSITY, USA)<br data-start=\"1534\" data-end=\"1537\" \/>PROF. DR. MUZAFFER UYSAL (UNIVERSITY OF MASSACHUSETTS AMHERST)<br data-start=\"1599\" data-end=\"1602\" \/>PROF. DR. M\u00dcGE ARSLAN (MARMARA UNIVERSITY)<br data-start=\"1644\" data-end=\"1647\" \/>PROF. DR. NURETT\u0130N \u00d6ZT\u00dcRK (ATAT\u00dcRK UNIVERSITY)<br data-start=\"1693\" data-end=\"1696\" \/>PROF. DR. OSMAN \u00d6ZDO\u011eAN (AYDIN ADNAN MENDERES UNIVERSITY)<br data-start=\"1753\" data-end=\"1756\" \/>PROF. DR. SAL\u0130H KU\u015eLUVAN (ISTANBUL MEDEN\u0130YET UNIVERSITY)<br data-start=\"1812\" data-end=\"1815\" \/>PROF. DR. \u015eEF\u0130K OKAN MERCAN (\u00c7ANAKKALE ONSEK\u0130Z MART UNIVERSITY)<br data-start=\"1878\" data-end=\"1881\" \/>PROF. DR. REMZ\u0130 ALTUNI\u015eIK (SAKARYA UNIVERSITY)<br data-start=\"1927\" data-end=\"1930\" \/>PROF. DR. YILDIRIM BEYAZIT \u00d6NAL (\u00c7UKUROVA UNIVERSITY)<br data-start=\"1983\" data-end=\"1986\" \/>PROF. DR. ZIKRIYAYEV ZOK\u0130R MAMIROV\u0130CH (GULISTAN STATE UNIVERSITY)<br data-start=\"2051\" data-end=\"2054\" \/>ASSOC. PROF. DR. ELMIRA KAM\u0130LEVNA (KAZAN FEDERAL UNIVERSITY)<br data-start=\"2114\" data-end=\"2117\" \/>ASSOC. PROF. DR. MEHMET ALTIN (UNIVERSITY OF CENTRAL FLORIDA)<br data-start=\"2178\" data-end=\"2181\" \/>ASSOC. PROF. DR. MUSTAFA \u0130Y\u0130B\u0130LD\u0130REN (NECMETT\u0130N ERBAKAN UNIVERSITY)<br data-start=\"2248\" data-end=\"2251\" \/>ASSOC. PROF. DR. TAYFUN Y\u00d6R\u00dcK (AKDEN\u0130Z UNIVERSITY)<br data-start=\"2248\" data-end=\"2251\" \/>ASSOC. PROF. DR. TURGAY BUCAK (DOKUZ EYLUL UNIVERSITY)<br data-start=\"2301\" data-end=\"2304\" \/>ASSOC. PROF. DR. VOLKAN YEN\u0130ARAS (\u00d6ZYE\u011e\u0130N UNIVERSITY)<br data-start=\"2357\" data-end=\"2360\" \/>ASSOC. PROF. DR. YUSUF ESMER (BAYBURT UNIVERSITY)<br data-start=\"2409\" data-end=\"2412\" \/>PH.D. HASAN KARACAN (PEN RESEARCH INST\u0130TUTE, USA)<br data-start=\"2409\" data-end=\"2412\" \/>DR. FACULTY MEMBER FAT\u0130H \u00c7OLAKO\u011eLU (BALIKES\u0130R UNIVERSITY)<\/p>\n<p>&nbsp;<\/p>\n","protected":false},"excerpt":{"rendered":"<p>PROF. DR. MEHMET O\u011eUZHAN \u0130LBAN (CHAIRMAN)PROF. DR. ALPASLAN SEREL (BANDIRMA ONYED\u0130 EYL\u00dcL UNIVERSITY)PROF. DR. AY\u015eEG\u00dcL TA\u015e (U\u015eAK UNIVERSITY)PROF. DR. BAYRAM ZAFER ERDO\u011eAN (ANADOLU UNIVERSITY)PROF. DR. CANER G\u0130RAY (OKAN UNIVERSITY)PROF. DR. CEVDET BUR\u00c7\u0130N \u00c7ET\u0130NS\u00d6Z (ALANYA ALAATT\u0130N KEYKUBAT UNIVERSITY)PROF. DR. C\u0130HAN \u00c7OBANO\u011eLU (UNIVERSITY OF SOUTH FLORIDA SARASOTA-MANATEE)PROF. DR. D\u0130N\u00c7ER ATLI (ISTANBUL ESENYURT UNIVERSITY)PROF. DR. DERMAN K\u00dc\u00c7\u00dcKALTAN (ISTANBUL&hellip;&nbsp;<a href=\"https:\/\/ibas-con.balikesir.edu.tr\/en\/kurullar\/yurutme-kurulu\/\" class=\"\" rel=\"bookmark\">Read More &raquo;<span class=\"screen-reader-text\">Executive Committee<\/span><\/a><\/p>\n","protected":false},"author":1,"featured_media":0,"parent":30,"menu_order":5,"comment_status":"closed","ping_status":"closed","template":"","meta":{"neve_meta_sidebar":"","neve_meta_container":"","neve_meta_enable_content_width":"off","neve_meta_content_width":100,"neve_meta_title_alignment":"","neve_meta_author_avatar":"","neve_post_elements_order":"","neve_meta_disable_header":"","neve_meta_disable_footer":"","neve_meta_disable_title":"","footnotes":""},"class_list":["post-48","page","type-page","status-publish","hentry"],"translation":{"provider":"WPGlobus","version":"2.12.2","language":"en","enabled_languages":["tr","en"],"languages":{"tr":{"title":true,"content":true,"excerpt":false},"en":{"title":true,"content":true,"excerpt":false}}},"_links":{"self":[{"href":"https:\/\/ibas-con.balikesir.edu.tr\/en\/wp-json\/wp\/v2\/pages\/48"}],"collection":[{"href":"https:\/\/ibas-con.balikesir.edu.tr\/en\/wp-json\/wp\/v2\/pages"}],"about":[{"href":"https:\/\/ibas-con.balikesir.edu.tr\/en\/wp-json\/wp\/v2\/types\/page"}],"author":[{"embeddable":true,"href":"https:\/\/ibas-con.balikesir.edu.tr\/en\/wp-json\/wp\/v2\/users\/1"}],"replies":[{"embeddable":true,"href":"https:\/\/ibas-con.balikesir.edu.tr\/en\/wp-json\/wp\/v2\/comments?post=48"}],"version-history":[{"count":46,"href":"https:\/\/ibas-con.balikesir.edu.tr\/en\/wp-json\/wp\/v2\/pages\/48\/revisions"}],"predecessor-version":[{"id":2076,"href":"https:\/\/ibas-con.balikesir.edu.tr\/en\/wp-json\/wp\/v2\/pages\/48\/revisions\/2076"}],"up":[{"embeddable":true,"href":"https:\/\/ibas-con.balikesir.edu.tr\/en\/wp-json\/wp\/v2\/pages\/30"}],"wp:attachment":[{"href":"https:\/\/ibas-con.balikesir.edu.tr\/en\/wp-json\/wp\/v2\/media?parent=48"}],"curies":[{"name":"wp","href":"https:\/\/api.w.org\/{rel}","templated":true}]}}