{"id":87,"date":"2023-08-29T15:03:59","date_gmt":"2023-08-29T12:03:59","guid":{"rendered":"https:\/\/ubtk4.balikesir.edu.tr\/?page_id=87"},"modified":"2025-03-25T14:26:52","modified_gmt":"2025-03-25T11:26:52","slug":"kongre-yeri","status":"publish","type":"page","link":"https:\/\/ibas-con.balikesir.edu.tr\/en\/kongre-hakkinda\/kongre-yeri\/","title":{"rendered":"Venue"},"content":{"rendered":"<p><strong>Congress Location: The congress will be held at Burhaniye Faculty of Applied Sciences, Bal\u0131kesir University.<\/strong><\/p>\n<h3 class=\"vKmG2c\"><a href=\"https:\/\/maps.app.goo.gl\/DdJbLxkPu8EeGce98\">Enver G\u00fcreli Cd., 10700, <\/a><a href=\"https:\/\/maps.app.goo.gl\/DdJbLxkPu8EeGce98\">\u00d6ren, <\/a><a href=\"https:\/\/maps.app.goo.gl\/DdJbLxkPu8EeGce98\">Burhaniye\/Bal\u0131kesir<\/a><\/h3>\n<h4><iframe loading=\"lazy\" style=\"border: 0;\" src=\"https:\/\/www.google.com\/maps\/embed?pb=!1m14!1m8!1m3!1d1104.3660532658735!2d26.9490754!3d39.5010419!3m2!1i1024!2i768!4f13.1!3m3!1m2!1s0x14b0ba48b0082bd9%3A0x4121ac6d06af3c0!2sBurhaniye%20Uygulamal%C4%B1%20Bilimler%20Y%C3%BCksek%20Okulu!5e1!3m2!1str!2str!4v1725431236634!5m2!1str!2str\" width=\"600\" height=\"450\" allowfullscreen=\"allowfullscreen\" data-mce-fragment=\"1\"><\/iframe>\u00a0<\/h4>\n<p>&nbsp;<\/p>\n","protected":false},"excerpt":{"rendered":"<p>Congress Location: The congress will be held at Burhaniye Faculty of Applied Sciences, Bal\u0131kesir University. Enver G\u00fcreli Cd., 10700, \u00d6ren, Burhaniye\/Bal\u0131kesir \u00a0 &nbsp;<\/p>\n","protected":false},"author":1,"featured_media":0,"parent":18,"menu_order":4,"comment_status":"closed","ping_status":"closed","template":"","meta":{"neve_meta_sidebar":"","neve_meta_container":"","neve_meta_enable_content_width":"off","neve_meta_content_width":100,"neve_meta_title_alignment":"","neve_meta_author_avatar":"","neve_post_elements_order":"","neve_meta_disable_header":"","neve_meta_disable_footer":"","neve_meta_disable_title":"","footnotes":""},"class_list":["post-87","page","type-page","status-publish","hentry"],"translation":{"provider":"WPGlobus","version":"2.12.2","language":"en","enabled_languages":["tr","en"],"languages":{"tr":{"title":true,"content":true,"excerpt":false},"en":{"title":true,"content":true,"excerpt":false}}},"_links":{"self":[{"href":"https:\/\/ibas-con.balikesir.edu.tr\/en\/wp-json\/wp\/v2\/pages\/87"}],"collection":[{"href":"https:\/\/ibas-con.balikesir.edu.tr\/en\/wp-json\/wp\/v2\/pages"}],"about":[{"href":"https:\/\/ibas-con.balikesir.edu.tr\/en\/wp-json\/wp\/v2\/types\/page"}],"author":[{"embeddable":true,"href":"https:\/\/ibas-con.balikesir.edu.tr\/en\/wp-json\/wp\/v2\/users\/1"}],"replies":[{"embeddable":true,"href":"https:\/\/ibas-con.balikesir.edu.tr\/en\/wp-json\/wp\/v2\/comments?post=87"}],"version-history":[{"count":36,"href":"https:\/\/ibas-con.balikesir.edu.tr\/en\/wp-json\/wp\/v2\/pages\/87\/revisions"}],"predecessor-version":[{"id":1289,"href":"https:\/\/ibas-con.balikesir.edu.tr\/en\/wp-json\/wp\/v2\/pages\/87\/revisions\/1289"}],"up":[{"embeddable":true,"href":"https:\/\/ibas-con.balikesir.edu.tr\/en\/wp-json\/wp\/v2\/pages\/18"}],"wp:attachment":[{"href":"https:\/\/ibas-con.balikesir.edu.tr\/en\/wp-json\/wp\/v2\/media?parent=87"}],"curies":[{"name":"wp","href":"https:\/\/api.w.org\/{rel}","templated":true}]}}